{"id":233,"date":"2025-09-15T22:27:51","date_gmt":"2025-09-15T22:27:51","guid":{"rendered":"https:\/\/polarys.disenian.com\/?page_id=233"},"modified":"2025-09-16T20:27:25","modified_gmt":"2025-09-16T20:27:25","slug":"contacto","status":"publish","type":"page","link":"https:\/\/polarys.disenian.com\/it\/contacto\/","title":{"rendered":"Contatto"},"content":{"rendered":"<section class=\"l-section wpb_row height_auto width_full\"><div class=\"l-section-h i-cf\"><div class=\"g-cols vc_row via_flex valign_top type_default stacking_default\"><div class=\"vc_col-sm-12 wpb_column vc_column_container\"><div class=\"vc_column-inner\"><div class=\"wpb_wrapper\"><section class=\"l-section wpb_row us_custom_2b9a2ce3 video-row us_animate_this height_huge with_video\"><div id=\"us_bg_video_qf31\" class=\"l-section-video\"><script id=\"us_bg_video_qf31-script\">!function(w){var node = document.getElementById( 'us_bg_video_qf31' );if ( w.innerWidth <= 100 ) { node.remove() }}(window);<\/script><style>@media(max-width:100px){#us_bg_video_qf31{display:none!important}}<\/style><video  autoplay loop muted playsinline preload=\"auto\"><source type=\"video\/mp4\" src=\"https:\/\/polarys.disenian.com\/wp-content\/uploads\/2025\/09\/bg-video.mp4\" \/><\/video><\/div><div class=\"l-section-overlay\" style=\"background:rgba(0,0,0,0.5)\"><\/div><div class=\"l-section-h i-cf\"><div class=\"g-cols vc_row via_flex valign_top type_default stacking_default\"><div class=\"vc_col-sm-12 wpb_column vc_column_container\"><div class=\"vc_column-inner\"><div class=\"wpb_wrapper\"><div class=\"g-cols wpb_row via_flex valign_top type_default stacking_default\"><div data-us-scroll=\"{&quot;from_initial_position&quot;:&quot;1&quot;,&quot;start_position&quot;:&quot;0%&quot;,&quot;end_position&quot;:&quot;100%&quot;,&quot;delay&quot;:&quot;0.1s&quot;,&quot;translate_y_direction&quot;:&quot;up&quot;,&quot;translate_y_speed&quot;:&quot;0.5x&quot;,&quot;opacity_direction&quot;:&quot;in-out&quot;}\" class=\"vc_col-sm-12 wpb_column vc_column_container has_scroll_effects has_translate_y has_opacity\"><div class=\"vc_column-inner\"><div class=\"wpb_wrapper\"><div class=\"w-separator hide_on_default hide_on_laptops size_custom\" style=\"height:15vh\"><\/div><div class=\"w-html\">  <style>\n    @import url(\"https:\/\/polarys.disenian.com\/assets\/css\/plugins.css\");\n    @import url(\"https:\/\/polarys.disenian.com\/assets\/css\/style.css\");\n  <\/style>\n\n    <script src=\"https:\/\/polarys.disenian.com\/assets\/js\/jquery-3.7.1.min.js\"><\/script>\n    <script src=\"https:\/\/polarys.disenian.com\/assets\/js\/plugins.min.js\"><\/script>\n    <script src=\"https:\/\/polarys.disenian.com\/assets\/js\/plugins\/dsn-grid.min.js\"><\/script>\n    <script src=\"https:\/\/polarys.disenian.com\/assets\/js\/custom.js\"><\/script><\/div><p class=\"w-post-elm post_title us_custom_5b164e0d has_text_color us_animate_this entry-title color_link_inherit\">Contatto<\/p><nav class=\"g-breadcrumbs us_custom_1fe0f906 has_text_color us_animate_this separator_icon align_none\" itemscope itemtype=\"http:\/\/schema.org\/BreadcrumbList\"><div class=\"g-breadcrumbs-item\" itemscope itemprop=\"itemListElement\" itemtype=\"http:\/\/schema.org\/ListItem\"><a itemprop=\"item\" href=\"https:\/\/polarys.disenian.com\/it\/\"><span itemprop=\"name\">Home<\/span><\/a><meta itemprop=\"position\" content=\"1\"\/><\/div><div class=\"g-breadcrumbs-separator\"><i class=\"far fa-angle-right\"><\/i><\/div><div class=\"g-breadcrumbs-item\">Pagine<\/div><\/nav><div class=\"w-separator hide_on_default hide_on_laptops size_custom\" style=\"height:15vh\"><\/div><\/div><\/div><\/div><\/div><\/div><\/div><\/div><\/div><\/div><\/section>\n<\/div><\/div><\/div><\/div><\/div><\/section><section class=\"l-section wpb_row height_huge\"><div class=\"l-section-overlay\" style=\"background:var(--color-content-bg)\"><\/div><div class=\"l-section-h i-cf\"><div class=\"g-cols vc_row via_flex valign_top type_default stacking_default\"><div class=\"vc_col-sm-12 wpb_column vc_column_container\"><div class=\"vc_column-inner\"><div class=\"wpb_wrapper\"><div class=\"g-cols wpb_row via_flex valign_top type_default stacking_default\"><div class=\"vc_col-sm-6 wpb_column vc_column_container\"><div class=\"vc_column-inner us_custom_8e784a87 us_animate_this\"><div class=\"wpb_wrapper\"><div class=\"w-separator size_medium\"><\/div><div class=\"w-html\"><h2 class=\"title text-upper mt-10 dsn-fill\">SCRIVICI<\/h2><\/div><div class=\"w-separator size_medium\"><\/div><div class=\"wpb_text_column\"><div class=\"wpb_wrapper\"><p>Hai un progetto in mente o un\u2019idea che ti gira in testa? Inviaci un\u2019email, scrivici sui social o puoi persino chiamarci (s\u00ec, rispondiamo ancora al telefono).<\/p>\n<\/div><\/div><div class=\"w-separator size_medium\"><\/div><div class=\"w-hwrapper valign_top wrap align_none\" style=\"--hwrapper-gap:1.5rem\"><div class=\"w-text us_custom_5c47543f has_text_color us_animate_this\"><a href=\"mailto:hola@polarys.es\" class=\"w-text-h\"><span class=\"w-text-value\">hola@polarys.es<\/span><\/a><\/div><div class=\"w-text us_custom_b4f29e7c has_text_color us_animate_this\"><a href=\"tel:+34961163918\" class=\"w-text-h\"><span class=\"w-text-value\">+34 961 163 918<\/span><\/a><\/div><div class=\"w-text us_custom_ec9e27bd has_text_color us_animate_this hide_on_tablets hide_on_mobiles\"><a target=\"_blank\" href=\"https:\/\/www.instagram.com\/proyecto_polarys\" class=\"w-text-h\"><span class=\"w-text-value\">@proyecto_polaris<\/span><\/a><\/div><\/div><\/div><\/div><\/div><div class=\"vc_col-sm-6 wpb_column vc_column_container\"><div class=\"vc_column-inner us_custom_135e11d2 us_animate_this\"><div class=\"wpb_wrapper\">\n<div class=\"wpcf7 no-js\" id=\"wpcf7-f204-o1\" lang=\"es-ES\" dir=\"ltr\" data-wpcf7-id=\"204\">\n<div class=\"screen-reader-response\"><p role=\"status\" aria-live=\"polite\" aria-atomic=\"true\"><\/p> <ul><\/ul><\/div>\n<form action=\"\/it\/wp-json\/wp\/v2\/pages\/233#wpcf7-f204-o1\" method=\"post\" class=\"wpcf7-form init\" aria-label=\"Formulario de contacto\" novalidate=\"novalidate\" data-status=\"init\" data-trp-original-action=\"\/it\/wp-json\/wp\/v2\/pages\/233#wpcf7-f204-o1\">\n<fieldset class=\"hidden-fields-container\"><input type=\"hidden\" name=\"_wpcf7\" value=\"204\" \/><input type=\"hidden\" name=\"_wpcf7_version\" value=\"6.1.3\" \/><input type=\"hidden\" name=\"_wpcf7_locale\" value=\"es_ES\" \/><input type=\"hidden\" name=\"_wpcf7_unit_tag\" value=\"wpcf7-f204-o1\" \/><input type=\"hidden\" name=\"_wpcf7_container_post\" value=\"0\" \/><input type=\"hidden\" name=\"_wpcf7_posted_data_hash\" value=\"\" \/>\n<\/fieldset>\n<div id=\"responsive-form\" class=\"clearfix\">\n\t<div class=\"form-row\">\n\t\t<div class=\"column-half\">\n\t\t\t<p><span class=\"wpcf7-form-control-wrap\" data-name=\"nombres\"><input size=\"40\" maxlength=\"400\" class=\"wpcf7-form-control wpcf7-text wpcf7-validates-as-required\" aria-required=\"true\" aria-invalid=\"false\" placeholder=\"Nome\" value=\"\" type=\"text\" name=\"nombres\" \/><\/span>\n\t\t\t<\/p>\n\t\t<\/div>\n\t\t<div class=\"column-half\">\n\t\t\t<p><span class=\"wpcf7-form-control-wrap\" data-name=\"correos\"><input size=\"40\" maxlength=\"400\" class=\"wpcf7-form-control wpcf7-email wpcf7-validates-as-required wpcf7-text wpcf7-validates-as-email\" aria-required=\"true\" aria-invalid=\"false\" placeholder=\"Indirizzo email\" value=\"\" type=\"email\" name=\"correos\" \/><\/span>\n\t\t\t<\/p>\n\t\t<\/div>\n\t\t<p><span id=\"wpcf7-69e0060e4ec35-wrapper\" class=\"wpcf7-form-control-wrap phone-wrap\" style=\"display:none !important; visibility:hidden !important;\"><label for=\"wpcf7-69e0060e4ec35-field\" class=\"hp-message\">Por favor, deja este campo vac\u00edo.<\/label><input id=\"wpcf7-69e0060e4ec35-field\"  class=\"wpcf7-form-control wpcf7-text\" type=\"text\" name=\"phone\" value=\"\" size=\"40\" tabindex=\"-1\" autocomplete=\"new-password\" \/><\/span>\n\t\t<\/p>\n\t<\/div>\n\t<div class=\"form-row\">\n\t\t<div class=\"column-full\">\n\t\t\t<p><span class=\"wpcf7-form-control-wrap\" data-name=\"asuntos\"><input size=\"40\" maxlength=\"400\" class=\"wpcf7-form-control wpcf7-text wpcf7-validates-as-required\" aria-required=\"true\" aria-invalid=\"false\" placeholder=\"Oggetto\" value=\"\" type=\"text\" name=\"asuntos\" \/><\/span>\n\t\t\t<\/p>\n\t\t<\/div>\n\t<\/div>\n\t<div class=\"form-row\">\n\t\t<div class=\"column-full\">\n\t\t\t<p><span class=\"wpcf7-form-control-wrap\" data-name=\"mensajes\"><textarea cols=\"40\" rows=\"10\" maxlength=\"2000\" class=\"wpcf7-form-control wpcf7-textarea wpcf7-validates-as-required\" aria-required=\"true\" aria-invalid=\"false\" placeholder=\"Parlaci del tuo progetto\" name=\"mensajes\"><\/textarea><\/span>\n\t\t\t<\/p>\n\t\t<\/div>\n\t<\/div>\n\t<div class=\"form-row\">\n\t\t<div class=\"column-full\">\n\t\t\t<p><input class=\"wpcf7-form-control wpcf7-submit has-spinner dsn-btn dsn-btn-shape d-flex button background-main v-dark effect-ajax\" type=\"submit\" value=\"Enviar mensaje\" \/>\n\t\t\t<\/p>\n\t\t<\/div>\n\t<\/div>\n<\/div>\n\n<!--end responsive-form--><div class=\"wpcf7-response-output\" aria-hidden=\"true\"><\/div>\n<input type=\"hidden\" name=\"trp-form-language\" value=\"it\"\/><\/form>\n<\/div>\n<\/div><\/div><\/div><\/div><div class=\"w-separator size_large\"><\/div><div class=\"g-cols wpb_row via_flex valign_top type_default stacking_default\"><div class=\"vc_col-sm-12 wpb_column vc_column_container\"><div class=\"vc_column-inner us_custom_1fb8b2dc us_animate_this\"><div class=\"wpb_wrapper\"><div class=\"w-html us_custom_f70d789f us_animate_this\"><iframe src=\"https:\/\/www.google.com\/maps\/embed?pb=!1m18!1m12!1m3!1d3080.087815606754!2d-0.36880300000000005!3d39.467344800000006!2m3!1f0!2f0!3f0!3m2!1i1024!2i768!4f13.1!3m3!1m2!1s0xd6048b65c353599%3A0xa248a4490f4a74a4!2sGran%20V%C3%ADa%20del%20Marqu%C3%A9s%20del%20Turia%2C%2049%2C%201%C2%BA%2C%20Ensanche%2C%2046005%20Valencia%2C%20Espa%C3%B1a!5e0!3m2!1ses-419!2smx!4v1757971670664!5m2!1ses-419!2smx\" width=\"100%\" height=\"300\" style=\"border:0;\" allowfullscreen=\"\" loading=\"lazy\" referrerpolicy=\"no-referrer-when-downgrade\"><\/iframe><\/div><\/div><\/div><\/div><\/div><\/div><\/div><\/div><\/div><\/div><\/section>","protected":false},"excerpt":{"rendered":"ContactoHomePagine ESCR\u00cdBENOS\u00bfTienes un proyecto en mente o una idea que te ronda? M\u00e1ndamos un correo, escr\u00edbenos en redes sociales o incluso puedes llamarnos (s\u00ed, a\u00fan cogemos el tel\u00e9fono). hola@polarys.es+34 961 163 918@proyecto_polaris Por favor, deja este campo vac\u00edo.","protected":false},"author":1,"featured_media":80,"parent":0,"menu_order":0,"comment_status":"closed","ping_status":"closed","template":"","meta":{"_acf_changed":false,"footnotes":""},"class_list":["post-233","page","type-page","status-publish","has-post-thumbnail","hentry"],"acf":[],"yoast_head":"<!-- This site is optimized with the Yoast SEO plugin v26.2 - https:\/\/yoast.com\/wordpress\/plugins\/seo\/ -->\n<title>Polarys | Contacto<\/title>\n<meta name=\"robots\" content=\"noindex, follow, max-snippet:-1, max-image-preview:large, max-video-preview:-1\" \/>\n<meta property=\"og:locale\" content=\"it_IT\" \/>\n<meta property=\"og:type\" content=\"article\" \/>\n<meta property=\"og:title\" content=\"Polarys | Contacto\" \/>\n<meta property=\"og:url\" content=\"https:\/\/polarys.disenian.com\/it\/contacto\/\" \/>\n<meta property=\"og:site_name\" content=\"Polarys\" \/>\n<meta property=\"article:publisher\" content=\"https:\/\/www.facebook.com\/ProyectoPolarysComunicacion\/\" \/>\n<meta property=\"article:modified_time\" content=\"2025-09-16T20:27:25+00:00\" \/>\n<meta property=\"og:image\" content=\"https:\/\/polarys.disenian.com\/wp-content\/uploads\/2025\/08\/Polarys.jpg\" \/>\n\t<meta property=\"og:image:width\" content=\"1024\" \/>\n\t<meta property=\"og:image:height\" content=\"1024\" \/>\n\t<meta property=\"og:image:type\" content=\"image\/jpeg\" \/>\n<meta name=\"twitter:card\" content=\"summary_large_image\" \/>\n<meta name=\"twitter:label1\" content=\"Tempo di lettura stimato\" \/>\n\t<meta name=\"twitter:data1\" content=\"3 minuti\" \/>\n<script type=\"application\/ld+json\" class=\"yoast-schema-graph\">{\"@context\":\"https:\/\/schema.org\",\"@graph\":[{\"@type\":\"WebPage\",\"@id\":\"https:\/\/polarys.disenian.com\/contacto\/\",\"url\":\"https:\/\/polarys.disenian.com\/contacto\/\",\"name\":\"Polarys | Contacto\",\"isPartOf\":{\"@id\":\"https:\/\/polarys.disenian.com\/it\/#website\"},\"primaryImageOfPage\":{\"@id\":\"https:\/\/polarys.disenian.com\/contacto\/#primaryimage\"},\"image\":{\"@id\":\"https:\/\/polarys.disenian.com\/contacto\/#primaryimage\"},\"thumbnailUrl\":\"https:\/\/polarys.disenian.com\/wp-content\/uploads\/2025\/08\/Polarys.jpg\",\"datePublished\":\"2025-09-15T22:27:51+00:00\",\"dateModified\":\"2025-09-16T20:27:25+00:00\",\"breadcrumb\":{\"@id\":\"https:\/\/polarys.disenian.com\/contacto\/#breadcrumb\"},\"inLanguage\":\"it-IT\",\"potentialAction\":[{\"@type\":\"ReadAction\",\"target\":[\"https:\/\/polarys.disenian.com\/contacto\/\"]}]},{\"@type\":\"ImageObject\",\"inLanguage\":\"it-IT\",\"@id\":\"https:\/\/polarys.disenian.com\/contacto\/#primaryimage\",\"url\":\"https:\/\/polarys.disenian.com\/wp-content\/uploads\/2025\/08\/Polarys.jpg\",\"contentUrl\":\"https:\/\/polarys.disenian.com\/wp-content\/uploads\/2025\/08\/Polarys.jpg\",\"width\":1024,\"height\":1024},{\"@type\":\"BreadcrumbList\",\"@id\":\"https:\/\/polarys.disenian.com\/contacto\/#breadcrumb\",\"itemListElement\":[{\"@type\":\"ListItem\",\"position\":1,\"name\":\"Portada\",\"item\":\"https:\/\/polarys.disenian.com\/\"},{\"@type\":\"ListItem\",\"position\":2,\"name\":\"Contacto\"}]},{\"@type\":\"WebSite\",\"@id\":\"https:\/\/polarys.disenian.com\/it\/#website\",\"url\":\"https:\/\/polarys.disenian.com\/it\/\",\"name\":\"Polarys\",\"description\":\"\",\"publisher\":{\"@id\":\"https:\/\/polarys.disenian.com\/it\/#organization\"},\"potentialAction\":[{\"@type\":\"SearchAction\",\"target\":{\"@type\":\"EntryPoint\",\"urlTemplate\":\"https:\/\/polarys.disenian.com\/it\/?s={search_term_string}\"},\"query-input\":{\"@type\":\"PropertyValueSpecification\",\"valueRequired\":true,\"valueName\":\"search_term_string\"}}],\"inLanguage\":\"it-IT\"},{\"@type\":\"Organization\",\"@id\":\"https:\/\/polarys.disenian.com\/it\/#organization\",\"name\":\"Polarys\",\"url\":\"https:\/\/polarys.disenian.com\/it\/\",\"logo\":{\"@type\":\"ImageObject\",\"inLanguage\":\"it-IT\",\"@id\":\"https:\/\/polarys.disenian.com\/it\/#\/schema\/logo\/image\/\",\"url\":\"https:\/\/polarys.disenian.com\/wp-content\/uploads\/2025\/08\/Polarys.jpg\",\"contentUrl\":\"https:\/\/polarys.disenian.com\/wp-content\/uploads\/2025\/08\/Polarys.jpg\",\"width\":1024,\"height\":1024,\"caption\":\"Polarys\"},\"image\":{\"@id\":\"https:\/\/polarys.disenian.com\/it\/#\/schema\/logo\/image\/\"},\"sameAs\":[\"https:\/\/www.facebook.com\/ProyectoPolarysComunicacion\/\",\"https:\/\/www.instagram.com\/proyecto_polarys\/?hl=es\"]}]}<\/script>\n<!-- \/ Yoast SEO plugin. -->","yoast_head_json":{"title":"Polarys | Contacto","robots":{"index":"noindex","follow":"follow","max-snippet":"max-snippet:-1","max-image-preview":"max-image-preview:large","max-video-preview":"max-video-preview:-1"},"og_locale":"it_IT","og_type":"article","og_title":"Polarys | Contacto","og_url":"https:\/\/polarys.disenian.com\/it\/contacto\/","og_site_name":"Polarys","article_publisher":"https:\/\/www.facebook.com\/ProyectoPolarysComunicacion\/","article_modified_time":"2025-09-16T20:27:25+00:00","og_image":[{"width":1024,"height":1024,"url":"https:\/\/polarys.disenian.com\/wp-content\/uploads\/2025\/08\/Polarys.jpg","type":"image\/jpeg"}],"twitter_card":"summary_large_image","twitter_misc":{"Tempo di lettura stimato":"3 minuti"},"schema":{"@context":"https:\/\/schema.org","@graph":[{"@type":"WebPage","@id":"https:\/\/polarys.disenian.com\/contacto\/","url":"https:\/\/polarys.disenian.com\/contacto\/","name":"Polarys | Contacto","isPartOf":{"@id":"https:\/\/polarys.disenian.com\/it\/#website"},"primaryImageOfPage":{"@id":"https:\/\/polarys.disenian.com\/contacto\/#primaryimage"},"image":{"@id":"https:\/\/polarys.disenian.com\/contacto\/#primaryimage"},"thumbnailUrl":"https:\/\/polarys.disenian.com\/wp-content\/uploads\/2025\/08\/Polarys.jpg","datePublished":"2025-09-15T22:27:51+00:00","dateModified":"2025-09-16T20:27:25+00:00","breadcrumb":{"@id":"https:\/\/polarys.disenian.com\/contacto\/#breadcrumb"},"inLanguage":"it-IT","potentialAction":[{"@type":"ReadAction","target":["https:\/\/polarys.disenian.com\/contacto\/"]}]},{"@type":"ImageObject","inLanguage":"it-IT","@id":"https:\/\/polarys.disenian.com\/contacto\/#primaryimage","url":"https:\/\/polarys.disenian.com\/wp-content\/uploads\/2025\/08\/Polarys.jpg","contentUrl":"https:\/\/polarys.disenian.com\/wp-content\/uploads\/2025\/08\/Polarys.jpg","width":1024,"height":1024},{"@type":"BreadcrumbList","@id":"https:\/\/polarys.disenian.com\/contacto\/#breadcrumb","itemListElement":[{"@type":"ListItem","position":1,"name":"Portada","item":"https:\/\/polarys.disenian.com\/"},{"@type":"ListItem","position":2,"name":"Contacto"}]},{"@type":"WebSite","@id":"https:\/\/polarys.disenian.com\/it\/#website","url":"https:\/\/polarys.disenian.com\/it\/","name":"Polarys","description":"","publisher":{"@id":"https:\/\/polarys.disenian.com\/it\/#organization"},"potentialAction":[{"@type":"SearchAction","target":{"@type":"EntryPoint","urlTemplate":"https:\/\/polarys.disenian.com\/it\/?s={search_term_string}"},"query-input":{"@type":"PropertyValueSpecification","valueRequired":true,"valueName":"search_term_string"}}],"inLanguage":"it-IT"},{"@type":"Organization","@id":"https:\/\/polarys.disenian.com\/it\/#organization","name":"Polarys","url":"https:\/\/polarys.disenian.com\/it\/","logo":{"@type":"ImageObject","inLanguage":"it-IT","@id":"https:\/\/polarys.disenian.com\/it\/#\/schema\/logo\/image\/","url":"https:\/\/polarys.disenian.com\/wp-content\/uploads\/2025\/08\/Polarys.jpg","contentUrl":"https:\/\/polarys.disenian.com\/wp-content\/uploads\/2025\/08\/Polarys.jpg","width":1024,"height":1024,"caption":"Polarys"},"image":{"@id":"https:\/\/polarys.disenian.com\/it\/#\/schema\/logo\/image\/"},"sameAs":["https:\/\/www.facebook.com\/ProyectoPolarysComunicacion\/","https:\/\/www.instagram.com\/proyecto_polarys\/?hl=es"]}]}},"_links":{"self":[{"href":"https:\/\/polarys.disenian.com\/it\/wp-json\/wp\/v2\/pages\/233","targetHints":{"allow":["GET"]}}],"collection":[{"href":"https:\/\/polarys.disenian.com\/it\/wp-json\/wp\/v2\/pages"}],"about":[{"href":"https:\/\/polarys.disenian.com\/it\/wp-json\/wp\/v2\/types\/page"}],"author":[{"embeddable":true,"href":"https:\/\/polarys.disenian.com\/it\/wp-json\/wp\/v2\/users\/1"}],"replies":[{"embeddable":true,"href":"https:\/\/polarys.disenian.com\/it\/wp-json\/wp\/v2\/comments?post=233"}],"version-history":[{"count":0,"href":"https:\/\/polarys.disenian.com\/it\/wp-json\/wp\/v2\/pages\/233\/revisions"}],"wp:featuredmedia":[{"embeddable":true,"href":"https:\/\/polarys.disenian.com\/it\/wp-json\/wp\/v2\/media\/80"}],"wp:attachment":[{"href":"https:\/\/polarys.disenian.com\/it\/wp-json\/wp\/v2\/media?parent=233"}],"curies":[{"name":"wp","href":"https:\/\/api.w.org\/{rel}","templated":true}]}}