{"id":863,"date":"2025-10-24T23:22:51","date_gmt":"2025-10-24T23:22:51","guid":{"rendered":"https:\/\/polarys.disenian.com\/?page_id=863"},"modified":"2025-10-24T23:59:58","modified_gmt":"2025-10-24T23:59:58","slug":"servicios","status":"publish","type":"page","link":"https:\/\/polarys.disenian.com\/en\/servicios\/","title":{"rendered":"Services"},"content":{"rendered":"<section class=\"l-section wpb_row height_auto width_full\"><div class=\"l-section-h i-cf\"><div class=\"g-cols vc_row via_flex valign_top type_default stacking_default\"><div class=\"vc_col-sm-12 wpb_column vc_column_container\"><div class=\"vc_column-inner\"><div class=\"wpb_wrapper\"><section class=\"l-section wpb_row us_custom_2b9a2ce3 video-row us_animate_this height_huge with_video\"><div id=\"us_bg_video_r288\" class=\"l-section-video\"><script id=\"us_bg_video_r288-script\">!function(w){var node = document.getElementById( 'us_bg_video_r288' );if ( w.innerWidth <= 100 ) { node.remove() }}(window);<\/script><style>@media(max-width:100px){#us_bg_video_r288{display:none!important}}<\/style><video  autoplay loop muted playsinline preload=\"auto\"><source type=\"video\/mp4\" src=\"https:\/\/polarys.disenian.com\/wp-content\/uploads\/2025\/09\/bg-video.mp4\" \/><\/video><\/div><div class=\"l-section-overlay\" style=\"background:rgba(0,0,0,0.5)\"><\/div><div class=\"l-section-h i-cf\"><div class=\"g-cols vc_row via_flex valign_top type_default stacking_default\"><div class=\"vc_col-sm-12 wpb_column vc_column_container\"><div class=\"vc_column-inner\"><div class=\"wpb_wrapper\"><div class=\"g-cols wpb_row via_flex valign_top type_default stacking_default\"><div data-us-scroll=\"{&quot;from_initial_position&quot;:&quot;1&quot;,&quot;start_position&quot;:&quot;0%&quot;,&quot;end_position&quot;:&quot;100%&quot;,&quot;delay&quot;:&quot;0.1s&quot;,&quot;translate_y_direction&quot;:&quot;up&quot;,&quot;translate_y_speed&quot;:&quot;0.5x&quot;,&quot;opacity_direction&quot;:&quot;in-out&quot;}\" class=\"vc_col-sm-12 wpb_column vc_column_container has_scroll_effects has_translate_y has_opacity\"><div class=\"vc_column-inner\"><div class=\"wpb_wrapper\"><div class=\"w-separator hide_on_default hide_on_laptops size_custom\" style=\"height:15vh\"><\/div><div class=\"w-html\">  <style>\n    @import url(\"https:\/\/polarys.disenian.com\/assets\/css\/plugins.css\");\n    @import url(\"https:\/\/polarys.disenian.com\/assets\/css\/style.css\");\n  <\/style>\n\n    <script src=\"https:\/\/polarys.disenian.com\/assets\/js\/jquery-3.7.1.min.js\"><\/script>\n    <script src=\"https:\/\/polarys.disenian.com\/assets\/js\/plugins.min.js\"><\/script>\n    <script src=\"https:\/\/polarys.disenian.com\/assets\/js\/plugins\/dsn-grid.min.js\"><\/script>\n    <script src=\"https:\/\/polarys.disenian.com\/assets\/js\/custom.js\"><\/script><\/div><p class=\"w-post-elm post_title us_custom_5b164e0d has_text_color us_animate_this entry-title color_link_inherit\">Services<\/p><nav class=\"g-breadcrumbs us_custom_1fe0f906 has_text_color us_animate_this separator_icon align_none\" itemscope itemtype=\"http:\/\/schema.org\/BreadcrumbList\"><div class=\"g-breadcrumbs-item\" itemscope itemprop=\"itemListElement\" itemtype=\"http:\/\/schema.org\/ListItem\"><a itemprop=\"item\" href=\"https:\/\/polarys.disenian.com\/en\/\"><span itemprop=\"name\">Home<\/span><\/a><meta itemprop=\"position\" content=\"1\"\/><\/div><div class=\"g-breadcrumbs-separator\"><i class=\"far fa-angle-right\"><\/i><\/div><div class=\"g-breadcrumbs-item\">Pages<\/div><\/nav><div class=\"w-separator hide_on_default hide_on_laptops size_custom\" style=\"height:15vh\"><\/div><\/div><\/div><\/div><\/div><\/div><\/div><\/div><\/div><\/div><\/section>\n<\/div><\/div><\/div><\/div><\/div><\/section><section class=\"l-section wpb_row height_huge\"><div class=\"l-section-h i-cf\"><div class=\"g-cols vc_row via_flex valign_top type_default stacking_default\"><div class=\"vc_col-sm-12 wpb_column vc_column_container\"><div class=\"vc_column-inner\"><div class=\"wpb_wrapper\"><div class=\"w-html\"><!-- ========== service ========== -->\n<section class=\"dsn-service services-personal v-light background-section\">\n    <div class=\"container\">\n        <div class=\"services-inner dsn-accordion\">\n            <div class=\"service-item dsn-up\">\n                <div class=\"d-flex flex-column\">\n                    <div class=\"title-box d-flex align-items-center\">\n                        <div class=\"number\">1<\/div>\n                        <div class=\"\">\n                            <a href=\"\/en\/diseno-web-grafico\/\">\n                                <h4 class=\"title text-upper\">Web design<br> &amp; graphic<\/h4>\n                            <\/a>\n                        <\/div>\n                    <\/div>\n                <\/div>\n\n                <a href=\"\/en\/diseno-web-grafico\/\">\n                    <img decoding=\"async\" class=\"services-image cover-bg-img\" src=\"https:\/\/polarys.disenian.com\/wp-content\/uploads\/2025\/09\/servicio-diseno.webp\"\n                        alt=\"\">\n                <\/a>\n\n                <a href=\"\/en\/diseno-web-grafico\/\" class=\"dsn-btn dsn-btn-shape d-flex background-section\">\n                    <span class=\"icon v-dark background-section\">\n                        <svg xmlns=\"http:\/\/www.w3.org\/2000\/svg\" viewbox=\"0 0 384 512\">\n                            <path\n                                d=\"M328 96h24v288h-48V177.9L81 401l-17 17-33.9-34 17-17 223-223H64V96h264z\">\n                            <\/path>\n                        <\/svg>\n                    <\/span>\n                <\/a>\n            <\/div>\n\n            <div class=\"service-item dsn-up\">\n                <div class=\"d-flex flex-column\">\n                    <div class=\"title-box d-flex align-items-center\">\n                        <div class=\"number\">2<\/div>\n                        <div class=\"\">\n                            <a href=\"\/en\/transmisiones\/\">\n                                <h4 class=\"title text-upper\">Live <br> Broadcasts<\/h4>\n                            <\/a>\n                        <\/div>\n                    <\/div>\n                <\/div>\n\n                <a href=\"\/en\/transmisiones\/\">\n                    <img decoding=\"async\" class=\"services-image cover-bg-img\" src=\"https:\/\/polarys.disenian.com\/wp-content\/uploads\/2025\/09\/servicio-transmisiones.webp\"\n                        alt=\"\">\n                <\/a>\n\n                <a href=\"\/en\/transmisiones\/\" class=\"dsn-btn dsn-btn-shape d-flex background-section\">\n                    <span class=\"icon v-dark background-section\">\n                        <svg xmlns=\"http:\/\/www.w3.org\/2000\/svg\" viewbox=\"0 0 384 512\">\n                            <path\n                                d=\"M328 96h24v288h-48V177.9L81 401l-17 17-33.9-34 17-17 223-223H64V96h264z\">\n                            <\/path>\n                        <\/svg>\n                    <\/span>\n                <\/a>\n            <\/div>\n\n            <div class=\"service-item dsn-up\">\n                <div class=\"d-flex flex-column\">\n                    <div class=\"title-box d-flex align-items-center\">\n                        <div class=\"number\">3<\/div>\n                        <div class=\"\">\n                            <a href=\"\/en\/documentales\/\">\n                                <h4 class=\"title text-upper\">Professional <br> Documentaries<\/h4>\n                            <\/a>\n                        <\/div>\n                    <\/div>\n                <\/div>\n\n                <a href=\"\/en\/documentales\/\">\n                    <img decoding=\"async\" class=\"services-image cover-bg-img\" src=\"https:\/\/polarys.disenian.com\/wp-content\/uploads\/2025\/09\/servicio-documentales.webp\"\n                        alt=\"\">\n                <\/a>\n\n                <a href=\"\/en\/documentales\/\" class=\"dsn-btn dsn-btn-shape d-flex background-section\">\n                    <span class=\"icon v-dark background-section\">\n                        <svg xmlns=\"http:\/\/www.w3.org\/2000\/svg\" viewbox=\"0 0 384 512\">\n                            <path\n                                d=\"M328 96h24v288h-48V177.9L81 401l-17 17-33.9-34 17-17 223-223H64V96h264z\">\n                            <\/path>\n                        <\/svg>\n                    <\/span>\n                <\/a>\n            <\/div>\n            \n            <div class=\"service-item dsn-up\">\n                <div class=\"d-flex flex-column\">\n                    <div class=\"title-box d-flex align-items-center\">\n                        <div class=\"number\">4<\/div>\n                        <div class=\"\">\n                            <a href=\"\/en\/television\/\">\n                                <h4 class=\"title text-upper\">Local <br> Television<\/h4>\n                            <\/a>\n                        <\/div>\n                    <\/div>\n                <\/div>\n\n                <a href=\"\/en\/television\/\">\n                    <img decoding=\"async\" class=\"services-image cover-bg-img\" src=\"https:\/\/polarys.disenian.com\/wp-content\/uploads\/2025\/09\/servicio-television.webp\"\n                        alt=\"\">\n                <\/a>\n\n                <a href=\"\/en\/television\/\" class=\"dsn-btn dsn-btn-shape d-flex background-section\">\n                    <span class=\"icon v-dark background-section\">\n                        <svg xmlns=\"http:\/\/www.w3.org\/2000\/svg\" viewbox=\"0 0 384 512\">\n                            <path\n                                d=\"M328 96h24v288h-48V177.9L81 401l-17 17-33.9-34 17-17 223-223H64V96h264z\">\n                            <\/path>\n                        <\/svg>\n                    <\/span>\n                <\/a>\n            <\/div>\n\n            <div class=\"service-item dsn-up\">\n                <div class=\"d-flex flex-column\">\n                    <div class=\"title-box d-flex align-items-center\">\n                        <div class=\"number\">5<\/div>\n                        <div class=\"\">\n                            <a href=\"\/en\/canales-online\/\">\n                                <h4 class=\"title text-upper\">Online <br> Channels<\/h4>\n                            <\/a>\n                        <\/div>\n                    <\/div>\n                <\/div>\n\n                <a href=\"\/en\/canales-online\/\">\n                    <img decoding=\"async\" class=\"services-image cover-bg-img\" src=\"https:\/\/polarys.disenian.com\/wp-content\/uploads\/2025\/09\/servicio-canales.webp\"\n                        alt=\"\">\n                <\/a>\n\n                <a href=\"\/en\/canales-online\/\" class=\"dsn-btn dsn-btn-shape d-flex background-section\">\n                    <span class=\"icon v-dark background-section\">\n                        <svg xmlns=\"http:\/\/www.w3.org\/2000\/svg\" viewbox=\"0 0 384 512\">\n                            <path\n                                d=\"M328 96h24v288h-48V177.9L81 401l-17 17-33.9-34 17-17 223-223H64V96h264z\">\n                            <\/path>\n                        <\/svg>\n                    <\/span>\n                <\/a>\n            <\/div>\n\n            <div class=\"service-item dsn-up\">\n                <div class=\"d-flex flex-column\">\n                    <div class=\"title-box d-flex align-items-center\">\n                        <div class=\"number\">6<\/div>\n                        <div class=\"\">\n                            <a href=\"\/en\/fotografia\/\">\n                                <h4 class=\"title text-upper\">Photography <br> Professional<\/h4>\n                            <\/a>\n                        <\/div>\n                    <\/div>\n                <\/div>\n\n                <a href=\"\/en\/fotografia\/\">\n                    <img decoding=\"async\" class=\"services-image cover-bg-img\" src=\"https:\/\/polarys.disenian.com\/wp-content\/uploads\/2025\/09\/servicio-fotografia.webp\"\n                        alt=\"\">\n                <\/a>\n\n                <a href=\"\/en\/fotografia\/\" class=\"dsn-btn dsn-btn-shape d-flex background-section\">\n                    <span class=\"icon v-dark background-section\">\n                        <svg xmlns=\"http:\/\/www.w3.org\/2000\/svg\" viewbox=\"0 0 384 512\">\n                            <path\n                                d=\"M328 96h24v288h-48V177.9L81 401l-17 17-33.9-34 17-17 223-223H64V96h264z\">\n                            <\/path>\n                        <\/svg>\n                    <\/span>\n                <\/a>\n            <\/div>\n\n        <\/div>\n    <\/div>\n<\/section>\n<!-- ========== service ========== -->\n<\/div><\/div><\/div><\/div><\/div><\/div><\/section>","protected":false},"excerpt":{"rendered":"ServiciosHomePages 1 Dise\u00f1o web y gr\u00e1fico 2 Transmisiones en directo 3 Documentales profesionales 4 Televisi\u00f3n local 5 Canales online 6 Fotograf\u00eda profesional","protected":false},"author":1,"featured_media":80,"parent":0,"menu_order":0,"comment_status":"closed","ping_status":"closed","template":"","meta":{"_acf_changed":false,"footnotes":""},"class_list":["post-863","page","type-page","status-publish","has-post-thumbnail","hentry"],"acf":[],"yoast_head":"<!-- This site is optimized with the Yoast SEO plugin v26.2 - https:\/\/yoast.com\/wordpress\/plugins\/seo\/ -->\n<title>Polarys | Servicios<\/title>\n<meta name=\"robots\" content=\"noindex, follow, max-snippet:-1, max-image-preview:large, max-video-preview:-1\" \/>\n<meta property=\"og:locale\" content=\"en_US\" \/>\n<meta property=\"og:type\" content=\"article\" \/>\n<meta property=\"og:title\" content=\"Polarys | Servicios\" \/>\n<meta property=\"og:url\" content=\"https:\/\/polarys.disenian.com\/en\/servicios\/\" \/>\n<meta property=\"og:site_name\" content=\"Polarys\" \/>\n<meta property=\"article:publisher\" content=\"https:\/\/www.facebook.com\/ProyectoPolarysComunicacion\/\" \/>\n<meta property=\"article:modified_time\" content=\"2025-10-24T23:59:58+00:00\" \/>\n<meta property=\"og:image\" content=\"https:\/\/polarys.disenian.com\/wp-content\/uploads\/2025\/08\/Polarys.jpg\" \/>\n\t<meta property=\"og:image:width\" content=\"1024\" \/>\n\t<meta property=\"og:image:height\" content=\"1024\" \/>\n\t<meta property=\"og:image:type\" content=\"image\/jpeg\" \/>\n<meta name=\"twitter:card\" content=\"summary_large_image\" \/>\n<meta name=\"twitter:label1\" content=\"Est. reading time\" \/>\n\t<meta name=\"twitter:data1\" content=\"4 minutes\" \/>\n<script type=\"application\/ld+json\" class=\"yoast-schema-graph\">{\"@context\":\"https:\/\/schema.org\",\"@graph\":[{\"@type\":\"WebPage\",\"@id\":\"https:\/\/polarys.disenian.com\/it\/servicios\/\",\"url\":\"https:\/\/polarys.disenian.com\/it\/servicios\/\",\"name\":\"Polarys | Servicios\",\"isPartOf\":{\"@id\":\"https:\/\/polarys.disenian.com\/it\/#website\"},\"primaryImageOfPage\":{\"@id\":\"https:\/\/polarys.disenian.com\/it\/servicios\/#primaryimage\"},\"image\":{\"@id\":\"https:\/\/polarys.disenian.com\/it\/servicios\/#primaryimage\"},\"thumbnailUrl\":\"https:\/\/polarys.disenian.com\/wp-content\/uploads\/2025\/08\/Polarys.jpg\",\"datePublished\":\"2025-10-24T23:22:51+00:00\",\"dateModified\":\"2025-10-24T23:59:58+00:00\",\"breadcrumb\":{\"@id\":\"https:\/\/polarys.disenian.com\/it\/servicios\/#breadcrumb\"},\"inLanguage\":\"en-US\",\"potentialAction\":[{\"@type\":\"ReadAction\",\"target\":[\"https:\/\/polarys.disenian.com\/it\/servicios\/\"]}]},{\"@type\":\"ImageObject\",\"inLanguage\":\"en-US\",\"@id\":\"https:\/\/polarys.disenian.com\/it\/servicios\/#primaryimage\",\"url\":\"https:\/\/polarys.disenian.com\/wp-content\/uploads\/2025\/08\/Polarys.jpg\",\"contentUrl\":\"https:\/\/polarys.disenian.com\/wp-content\/uploads\/2025\/08\/Polarys.jpg\",\"width\":1024,\"height\":1024},{\"@type\":\"BreadcrumbList\",\"@id\":\"https:\/\/polarys.disenian.com\/it\/servicios\/#breadcrumb\",\"itemListElement\":[{\"@type\":\"ListItem\",\"position\":1,\"name\":\"Portada\",\"item\":\"https:\/\/polarys.disenian.com\/\"},{\"@type\":\"ListItem\",\"position\":2,\"name\":\"Servicios\"}]},{\"@type\":\"WebSite\",\"@id\":\"https:\/\/polarys.disenian.com\/it\/#website\",\"url\":\"https:\/\/polarys.disenian.com\/it\/\",\"name\":\"Polarys\",\"description\":\"\",\"publisher\":{\"@id\":\"https:\/\/polarys.disenian.com\/it\/#organization\"},\"potentialAction\":[{\"@type\":\"SearchAction\",\"target\":{\"@type\":\"EntryPoint\",\"urlTemplate\":\"https:\/\/polarys.disenian.com\/it\/?s={search_term_string}\"},\"query-input\":{\"@type\":\"PropertyValueSpecification\",\"valueRequired\":true,\"valueName\":\"search_term_string\"}}],\"inLanguage\":\"en-US\"},{\"@type\":\"Organization\",\"@id\":\"https:\/\/polarys.disenian.com\/it\/#organization\",\"name\":\"Polarys\",\"url\":\"https:\/\/polarys.disenian.com\/it\/\",\"logo\":{\"@type\":\"ImageObject\",\"inLanguage\":\"en-US\",\"@id\":\"https:\/\/polarys.disenian.com\/it\/#\/schema\/logo\/image\/\",\"url\":\"https:\/\/polarys.disenian.com\/wp-content\/uploads\/2025\/08\/Polarys.jpg\",\"contentUrl\":\"https:\/\/polarys.disenian.com\/wp-content\/uploads\/2025\/08\/Polarys.jpg\",\"width\":1024,\"height\":1024,\"caption\":\"Polarys\"},\"image\":{\"@id\":\"https:\/\/polarys.disenian.com\/it\/#\/schema\/logo\/image\/\"},\"sameAs\":[\"https:\/\/www.facebook.com\/ProyectoPolarysComunicacion\/\",\"https:\/\/www.instagram.com\/proyecto_polarys\/?hl=es\"]}]}<\/script>\n<!-- \/ Yoast SEO plugin. -->","yoast_head_json":{"title":"Polarys | Servicios","robots":{"index":"noindex","follow":"follow","max-snippet":"max-snippet:-1","max-image-preview":"max-image-preview:large","max-video-preview":"max-video-preview:-1"},"og_locale":"en_US","og_type":"article","og_title":"Polarys | Servicios","og_url":"https:\/\/polarys.disenian.com\/en\/servicios\/","og_site_name":"Polarys","article_publisher":"https:\/\/www.facebook.com\/ProyectoPolarysComunicacion\/","article_modified_time":"2025-10-24T23:59:58+00:00","og_image":[{"width":1024,"height":1024,"url":"https:\/\/polarys.disenian.com\/wp-content\/uploads\/2025\/08\/Polarys.jpg","type":"image\/jpeg"}],"twitter_card":"summary_large_image","twitter_misc":{"Est. reading time":"4 minutes"},"schema":{"@context":"https:\/\/schema.org","@graph":[{"@type":"WebPage","@id":"https:\/\/polarys.disenian.com\/it\/servicios\/","url":"https:\/\/polarys.disenian.com\/it\/servicios\/","name":"Polarys | Servicios","isPartOf":{"@id":"https:\/\/polarys.disenian.com\/it\/#website"},"primaryImageOfPage":{"@id":"https:\/\/polarys.disenian.com\/it\/servicios\/#primaryimage"},"image":{"@id":"https:\/\/polarys.disenian.com\/it\/servicios\/#primaryimage"},"thumbnailUrl":"https:\/\/polarys.disenian.com\/wp-content\/uploads\/2025\/08\/Polarys.jpg","datePublished":"2025-10-24T23:22:51+00:00","dateModified":"2025-10-24T23:59:58+00:00","breadcrumb":{"@id":"https:\/\/polarys.disenian.com\/it\/servicios\/#breadcrumb"},"inLanguage":"en-US","potentialAction":[{"@type":"ReadAction","target":["https:\/\/polarys.disenian.com\/it\/servicios\/"]}]},{"@type":"ImageObject","inLanguage":"en-US","@id":"https:\/\/polarys.disenian.com\/it\/servicios\/#primaryimage","url":"https:\/\/polarys.disenian.com\/wp-content\/uploads\/2025\/08\/Polarys.jpg","contentUrl":"https:\/\/polarys.disenian.com\/wp-content\/uploads\/2025\/08\/Polarys.jpg","width":1024,"height":1024},{"@type":"BreadcrumbList","@id":"https:\/\/polarys.disenian.com\/it\/servicios\/#breadcrumb","itemListElement":[{"@type":"ListItem","position":1,"name":"Portada","item":"https:\/\/polarys.disenian.com\/"},{"@type":"ListItem","position":2,"name":"Servicios"}]},{"@type":"WebSite","@id":"https:\/\/polarys.disenian.com\/it\/#website","url":"https:\/\/polarys.disenian.com\/it\/","name":"Polarys","description":"","publisher":{"@id":"https:\/\/polarys.disenian.com\/it\/#organization"},"potentialAction":[{"@type":"SearchAction","target":{"@type":"EntryPoint","urlTemplate":"https:\/\/polarys.disenian.com\/it\/?s={search_term_string}"},"query-input":{"@type":"PropertyValueSpecification","valueRequired":true,"valueName":"search_term_string"}}],"inLanguage":"en-US"},{"@type":"Organization","@id":"https:\/\/polarys.disenian.com\/it\/#organization","name":"Polarys","url":"https:\/\/polarys.disenian.com\/it\/","logo":{"@type":"ImageObject","inLanguage":"en-US","@id":"https:\/\/polarys.disenian.com\/it\/#\/schema\/logo\/image\/","url":"https:\/\/polarys.disenian.com\/wp-content\/uploads\/2025\/08\/Polarys.jpg","contentUrl":"https:\/\/polarys.disenian.com\/wp-content\/uploads\/2025\/08\/Polarys.jpg","width":1024,"height":1024,"caption":"Polarys"},"image":{"@id":"https:\/\/polarys.disenian.com\/it\/#\/schema\/logo\/image\/"},"sameAs":["https:\/\/www.facebook.com\/ProyectoPolarysComunicacion\/","https:\/\/www.instagram.com\/proyecto_polarys\/?hl=es"]}]}},"_links":{"self":[{"href":"https:\/\/polarys.disenian.com\/en\/wp-json\/wp\/v2\/pages\/863","targetHints":{"allow":["GET"]}}],"collection":[{"href":"https:\/\/polarys.disenian.com\/en\/wp-json\/wp\/v2\/pages"}],"about":[{"href":"https:\/\/polarys.disenian.com\/en\/wp-json\/wp\/v2\/types\/page"}],"author":[{"embeddable":true,"href":"https:\/\/polarys.disenian.com\/en\/wp-json\/wp\/v2\/users\/1"}],"replies":[{"embeddable":true,"href":"https:\/\/polarys.disenian.com\/en\/wp-json\/wp\/v2\/comments?post=863"}],"version-history":[{"count":7,"href":"https:\/\/polarys.disenian.com\/en\/wp-json\/wp\/v2\/pages\/863\/revisions"}],"predecessor-version":[{"id":874,"href":"https:\/\/polarys.disenian.com\/en\/wp-json\/wp\/v2\/pages\/863\/revisions\/874"}],"wp:featuredmedia":[{"embeddable":true,"href":"https:\/\/polarys.disenian.com\/en\/wp-json\/wp\/v2\/media\/80"}],"wp:attachment":[{"href":"https:\/\/polarys.disenian.com\/en\/wp-json\/wp\/v2\/media?parent=863"}],"curies":[{"name":"wp","href":"https:\/\/api.w.org\/{rel}","templated":true}]}}