{"id":473,"date":"2025-09-16T08:24:49","date_gmt":"2025-09-16T08:24:49","guid":{"rendered":"https:\/\/polarys.disenian.com\/?page_id=473"},"modified":"2025-09-16T08:24:49","modified_gmt":"2025-09-16T08:24:49","slug":"politica-de-cookies","status":"publish","type":"page","link":"https:\/\/polarys.disenian.com\/en\/politica-de-cookies\/","title":{"rendered":"Cookies Policy"},"content":{"rendered":"<section class=\"l-section wpb_row height_auto width_full\"><div class=\"l-section-h i-cf\"><div class=\"g-cols vc_row via_flex valign_top type_default stacking_default\"><div class=\"vc_col-sm-12 wpb_column vc_column_container\"><div class=\"vc_column-inner\"><div class=\"wpb_wrapper\"><section class=\"l-section wpb_row us_custom_2b9a2ce3 video-row us_animate_this height_huge with_video\"><div id=\"us_bg_video_t0f8\" class=\"l-section-video\"><script id=\"us_bg_video_t0f8-script\">!function(w){var node = document.getElementById( 'us_bg_video_t0f8' );if ( w.innerWidth <= 100 ) { node.remove() }}(window);<\/script><style>@media(max-width:100px){#us_bg_video_t0f8{display:none!important}}<\/style><video  autoplay loop muted playsinline preload=\"auto\"><source type=\"video\/mp4\" src=\"https:\/\/polarys.disenian.com\/wp-content\/uploads\/2025\/09\/bg-video.mp4\" \/><\/video><\/div><div class=\"l-section-overlay\" style=\"background:rgba(0,0,0,0.5)\"><\/div><div class=\"l-section-h i-cf\"><div class=\"g-cols vc_row via_flex valign_top type_default stacking_default\"><div class=\"vc_col-sm-12 wpb_column vc_column_container\"><div class=\"vc_column-inner\"><div class=\"wpb_wrapper\"><div class=\"g-cols wpb_row via_flex valign_top type_default stacking_default\"><div data-us-scroll=\"{&quot;from_initial_position&quot;:&quot;1&quot;,&quot;start_position&quot;:&quot;0%&quot;,&quot;end_position&quot;:&quot;100%&quot;,&quot;delay&quot;:&quot;0.1s&quot;,&quot;translate_y_direction&quot;:&quot;up&quot;,&quot;translate_y_speed&quot;:&quot;0.5x&quot;,&quot;opacity_direction&quot;:&quot;in-out&quot;}\" class=\"vc_col-sm-12 wpb_column vc_column_container has_scroll_effects has_translate_y has_opacity\"><div class=\"vc_column-inner\"><div class=\"wpb_wrapper\"><div class=\"w-separator hide_on_default hide_on_laptops size_custom\" style=\"height:15vh\"><\/div><div class=\"w-html\">  <style>\n    @import url(\"https:\/\/polarys.disenian.com\/assets\/css\/plugins.css\");\n    @import url(\"https:\/\/polarys.disenian.com\/assets\/css\/style.css\");\n  <\/style>\n\n    <script src=\"https:\/\/polarys.disenian.com\/assets\/js\/jquery-3.7.1.min.js\"><\/script>\n    <script src=\"https:\/\/polarys.disenian.com\/assets\/js\/plugins.min.js\"><\/script>\n    <script src=\"https:\/\/polarys.disenian.com\/assets\/js\/plugins\/dsn-grid.min.js\"><\/script>\n    <script src=\"https:\/\/polarys.disenian.com\/assets\/js\/custom.js\"><\/script><\/div><p class=\"w-post-elm post_title us_custom_5b164e0d has_text_color us_animate_this entry-title color_link_inherit\">Cookies Policy<\/p><nav class=\"g-breadcrumbs us_custom_1fe0f906 has_text_color us_animate_this separator_icon align_none\" itemscope itemtype=\"http:\/\/schema.org\/BreadcrumbList\"><div class=\"g-breadcrumbs-item\" itemscope itemprop=\"itemListElement\" itemtype=\"http:\/\/schema.org\/ListItem\"><a itemprop=\"item\" href=\"https:\/\/polarys.disenian.com\/en\/\"><span itemprop=\"name\">Home<\/span><\/a><meta itemprop=\"position\" content=\"1\"\/><\/div><div class=\"g-breadcrumbs-separator\"><i class=\"far fa-angle-right\"><\/i><\/div><div class=\"g-breadcrumbs-item\">Pages<\/div><\/nav><div class=\"w-separator hide_on_default hide_on_laptops size_custom\" style=\"height:15vh\"><\/div><\/div><\/div><\/div><\/div><\/div><\/div><\/div><\/div><\/div><\/section>\n<\/div><\/div><\/div><\/div><\/div><\/section><section class=\"l-section wpb_row height_huge\"><div class=\"l-section-overlay\" style=\"background:var(--color-content-bg)\"><\/div><div class=\"l-section-h i-cf\"><div class=\"g-cols vc_row via_flex valign_top type_default stacking_default\"><div class=\"vc_col-sm-12 wpb_column vc_column_container\"><div class=\"vc_column-inner\"><div class=\"wpb_wrapper\"><div class=\"wpb_text_column\"><div class=\"wpb_wrapper\"><h1>Cookies Policy<\/h1>\n<p>En esta web usamos cookies. Pero no de chocolate, sino de las que ayudan a que todo funcione bien.<\/p>\n<h2>\u00bfQu\u00e9 son las cookies?<\/h2>\n<p>Peque\u00f1os archivos que se guardan en tu dispositivo cuando navegas. Algunas son esenciales (para que la web no explote), otras nos ayudan a saber qu\u00e9 te gusta y mejorar.<\/p>\n<h2>\u00bfQu\u00e9 tipos usamos?<\/h2>\n<p>T\u00e9cnicas: imprescindibles para que la web funcione.<\/p>\n<p>De an\u00e1lisis: para saber qu\u00e9 p\u00e1ginas visitas m\u00e1s.<\/p>\n<p>De terceros: como las de YouTube o redes sociales, si ves v\u00eddeos o compartes cosas.<\/p>\n<h2>\u00bfPuedo desactivarlas?<\/h2>\n<p>Claro. Puedes configurar tu navegador para no aceptar cookies o para que te avise antes. Tambi\u00e9n puedes gestionarlas desde nuestro aviso de cookies.<\/p>\n<p>Y si acepto\u2026<br \/>\n\u00a1Gracias! Nos ayuda a seguir mejorando la experiencia sin molestarte con banners cada dos minutos.<\/p>\n<\/div><\/div><\/div><\/div><\/div><\/div><\/div><\/section>","protected":false},"excerpt":{"rendered":"Pol\u00edtica de CookiesHomePages Pol\u00edtica de Cookies En esta web usamos cookies. Pero no de chocolate, sino de las que ayudan a que todo funcione bien. \u00bfQu\u00e9 son las cookies? Peque\u00f1os archivos que se guardan en tu dispositivo cuando navegas. Algunas son esenciales (para que la web no explote), otras nos ayudan a saber qu\u00e9 te...","protected":false},"author":1,"featured_media":80,"parent":0,"menu_order":0,"comment_status":"closed","ping_status":"closed","template":"","meta":{"_acf_changed":false,"footnotes":""},"class_list":["post-473","page","type-page","status-publish","has-post-thumbnail","hentry"],"acf":[],"yoast_head":"<!-- This site is optimized with the Yoast SEO plugin v26.2 - https:\/\/yoast.com\/wordpress\/plugins\/seo\/ -->\n<title>Polarys | Pol\u00edtica de Cookies<\/title>\n<meta name=\"robots\" content=\"noindex, follow, max-snippet:-1, max-image-preview:large, max-video-preview:-1\" \/>\n<meta property=\"og:locale\" content=\"en_US\" \/>\n<meta property=\"og:type\" content=\"article\" \/>\n<meta property=\"og:title\" content=\"Polarys | Pol\u00edtica de Cookies\" \/>\n<meta property=\"og:url\" content=\"https:\/\/polarys.disenian.com\/en\/politica-de-cookies\/\" \/>\n<meta property=\"og:site_name\" content=\"Polarys\" \/>\n<meta property=\"article:publisher\" content=\"https:\/\/www.facebook.com\/ProyectoPolarysComunicacion\/\" \/>\n<meta property=\"og:image\" content=\"https:\/\/polarys.disenian.com\/wp-content\/uploads\/2025\/08\/Polarys.jpg\" \/>\n\t<meta property=\"og:image:width\" content=\"1024\" \/>\n\t<meta property=\"og:image:height\" content=\"1024\" \/>\n\t<meta property=\"og:image:type\" content=\"image\/jpeg\" \/>\n<meta name=\"twitter:card\" content=\"summary_large_image\" \/>\n<meta name=\"twitter:label1\" content=\"Est. reading time\" \/>\n\t<meta name=\"twitter:data1\" content=\"1 minute\" \/>\n<script type=\"application\/ld+json\" class=\"yoast-schema-graph\">{\"@context\":\"https:\/\/schema.org\",\"@graph\":[{\"@type\":\"WebPage\",\"@id\":\"https:\/\/polarys.disenian.com\/politica-de-cookies\/\",\"url\":\"https:\/\/polarys.disenian.com\/politica-de-cookies\/\",\"name\":\"Polarys | Pol\u00edtica de Cookies\",\"isPartOf\":{\"@id\":\"https:\/\/polarys.disenian.com\/it\/#website\"},\"primaryImageOfPage\":{\"@id\":\"https:\/\/polarys.disenian.com\/politica-de-cookies\/#primaryimage\"},\"image\":{\"@id\":\"https:\/\/polarys.disenian.com\/politica-de-cookies\/#primaryimage\"},\"thumbnailUrl\":\"https:\/\/polarys.disenian.com\/wp-content\/uploads\/2025\/08\/Polarys.jpg\",\"datePublished\":\"2025-09-16T08:24:49+00:00\",\"breadcrumb\":{\"@id\":\"https:\/\/polarys.disenian.com\/politica-de-cookies\/#breadcrumb\"},\"inLanguage\":\"en-US\",\"potentialAction\":[{\"@type\":\"ReadAction\",\"target\":[\"https:\/\/polarys.disenian.com\/politica-de-cookies\/\"]}]},{\"@type\":\"ImageObject\",\"inLanguage\":\"en-US\",\"@id\":\"https:\/\/polarys.disenian.com\/politica-de-cookies\/#primaryimage\",\"url\":\"https:\/\/polarys.disenian.com\/wp-content\/uploads\/2025\/08\/Polarys.jpg\",\"contentUrl\":\"https:\/\/polarys.disenian.com\/wp-content\/uploads\/2025\/08\/Polarys.jpg\",\"width\":1024,\"height\":1024},{\"@type\":\"BreadcrumbList\",\"@id\":\"https:\/\/polarys.disenian.com\/politica-de-cookies\/#breadcrumb\",\"itemListElement\":[{\"@type\":\"ListItem\",\"position\":1,\"name\":\"Portada\",\"item\":\"https:\/\/polarys.disenian.com\/\"},{\"@type\":\"ListItem\",\"position\":2,\"name\":\"Pol\u00edtica de Cookies\"}]},{\"@type\":\"WebSite\",\"@id\":\"https:\/\/polarys.disenian.com\/it\/#website\",\"url\":\"https:\/\/polarys.disenian.com\/it\/\",\"name\":\"Polarys\",\"description\":\"\",\"publisher\":{\"@id\":\"https:\/\/polarys.disenian.com\/it\/#organization\"},\"potentialAction\":[{\"@type\":\"SearchAction\",\"target\":{\"@type\":\"EntryPoint\",\"urlTemplate\":\"https:\/\/polarys.disenian.com\/it\/?s={search_term_string}\"},\"query-input\":{\"@type\":\"PropertyValueSpecification\",\"valueRequired\":true,\"valueName\":\"search_term_string\"}}],\"inLanguage\":\"en-US\"},{\"@type\":\"Organization\",\"@id\":\"https:\/\/polarys.disenian.com\/it\/#organization\",\"name\":\"Polarys\",\"url\":\"https:\/\/polarys.disenian.com\/it\/\",\"logo\":{\"@type\":\"ImageObject\",\"inLanguage\":\"en-US\",\"@id\":\"https:\/\/polarys.disenian.com\/it\/#\/schema\/logo\/image\/\",\"url\":\"https:\/\/polarys.disenian.com\/wp-content\/uploads\/2025\/08\/Polarys.jpg\",\"contentUrl\":\"https:\/\/polarys.disenian.com\/wp-content\/uploads\/2025\/08\/Polarys.jpg\",\"width\":1024,\"height\":1024,\"caption\":\"Polarys\"},\"image\":{\"@id\":\"https:\/\/polarys.disenian.com\/it\/#\/schema\/logo\/image\/\"},\"sameAs\":[\"https:\/\/www.facebook.com\/ProyectoPolarysComunicacion\/\",\"https:\/\/www.instagram.com\/proyecto_polarys\/?hl=es\"]}]}<\/script>\n<!-- \/ Yoast SEO plugin. -->","yoast_head_json":{"title":"Polarys | Pol\u00edtica de Cookies","robots":{"index":"noindex","follow":"follow","max-snippet":"max-snippet:-1","max-image-preview":"max-image-preview:large","max-video-preview":"max-video-preview:-1"},"og_locale":"en_US","og_type":"article","og_title":"Polarys | Pol\u00edtica de Cookies","og_url":"https:\/\/polarys.disenian.com\/en\/politica-de-cookies\/","og_site_name":"Polarys","article_publisher":"https:\/\/www.facebook.com\/ProyectoPolarysComunicacion\/","og_image":[{"width":1024,"height":1024,"url":"https:\/\/polarys.disenian.com\/wp-content\/uploads\/2025\/08\/Polarys.jpg","type":"image\/jpeg"}],"twitter_card":"summary_large_image","twitter_misc":{"Est. reading time":"1 minute"},"schema":{"@context":"https:\/\/schema.org","@graph":[{"@type":"WebPage","@id":"https:\/\/polarys.disenian.com\/politica-de-cookies\/","url":"https:\/\/polarys.disenian.com\/politica-de-cookies\/","name":"Polarys | Pol\u00edtica de Cookies","isPartOf":{"@id":"https:\/\/polarys.disenian.com\/it\/#website"},"primaryImageOfPage":{"@id":"https:\/\/polarys.disenian.com\/politica-de-cookies\/#primaryimage"},"image":{"@id":"https:\/\/polarys.disenian.com\/politica-de-cookies\/#primaryimage"},"thumbnailUrl":"https:\/\/polarys.disenian.com\/wp-content\/uploads\/2025\/08\/Polarys.jpg","datePublished":"2025-09-16T08:24:49+00:00","breadcrumb":{"@id":"https:\/\/polarys.disenian.com\/politica-de-cookies\/#breadcrumb"},"inLanguage":"en-US","potentialAction":[{"@type":"ReadAction","target":["https:\/\/polarys.disenian.com\/politica-de-cookies\/"]}]},{"@type":"ImageObject","inLanguage":"en-US","@id":"https:\/\/polarys.disenian.com\/politica-de-cookies\/#primaryimage","url":"https:\/\/polarys.disenian.com\/wp-content\/uploads\/2025\/08\/Polarys.jpg","contentUrl":"https:\/\/polarys.disenian.com\/wp-content\/uploads\/2025\/08\/Polarys.jpg","width":1024,"height":1024},{"@type":"BreadcrumbList","@id":"https:\/\/polarys.disenian.com\/politica-de-cookies\/#breadcrumb","itemListElement":[{"@type":"ListItem","position":1,"name":"Portada","item":"https:\/\/polarys.disenian.com\/"},{"@type":"ListItem","position":2,"name":"Pol\u00edtica de Cookies"}]},{"@type":"WebSite","@id":"https:\/\/polarys.disenian.com\/it\/#website","url":"https:\/\/polarys.disenian.com\/it\/","name":"Polarys","description":"","publisher":{"@id":"https:\/\/polarys.disenian.com\/it\/#organization"},"potentialAction":[{"@type":"SearchAction","target":{"@type":"EntryPoint","urlTemplate":"https:\/\/polarys.disenian.com\/it\/?s={search_term_string}"},"query-input":{"@type":"PropertyValueSpecification","valueRequired":true,"valueName":"search_term_string"}}],"inLanguage":"en-US"},{"@type":"Organization","@id":"https:\/\/polarys.disenian.com\/it\/#organization","name":"Polarys","url":"https:\/\/polarys.disenian.com\/it\/","logo":{"@type":"ImageObject","inLanguage":"en-US","@id":"https:\/\/polarys.disenian.com\/it\/#\/schema\/logo\/image\/","url":"https:\/\/polarys.disenian.com\/wp-content\/uploads\/2025\/08\/Polarys.jpg","contentUrl":"https:\/\/polarys.disenian.com\/wp-content\/uploads\/2025\/08\/Polarys.jpg","width":1024,"height":1024,"caption":"Polarys"},"image":{"@id":"https:\/\/polarys.disenian.com\/it\/#\/schema\/logo\/image\/"},"sameAs":["https:\/\/www.facebook.com\/ProyectoPolarysComunicacion\/","https:\/\/www.instagram.com\/proyecto_polarys\/?hl=es"]}]}},"_links":{"self":[{"href":"https:\/\/polarys.disenian.com\/en\/wp-json\/wp\/v2\/pages\/473","targetHints":{"allow":["GET"]}}],"collection":[{"href":"https:\/\/polarys.disenian.com\/en\/wp-json\/wp\/v2\/pages"}],"about":[{"href":"https:\/\/polarys.disenian.com\/en\/wp-json\/wp\/v2\/types\/page"}],"author":[{"embeddable":true,"href":"https:\/\/polarys.disenian.com\/en\/wp-json\/wp\/v2\/users\/1"}],"replies":[{"embeddable":true,"href":"https:\/\/polarys.disenian.com\/en\/wp-json\/wp\/v2\/comments?post=473"}],"version-history":[{"count":0,"href":"https:\/\/polarys.disenian.com\/en\/wp-json\/wp\/v2\/pages\/473\/revisions"}],"wp:featuredmedia":[{"embeddable":true,"href":"https:\/\/polarys.disenian.com\/en\/wp-json\/wp\/v2\/media\/80"}],"wp:attachment":[{"href":"https:\/\/polarys.disenian.com\/en\/wp-json\/wp\/v2\/media?parent=473"}],"curies":[{"name":"wp","href":"https:\/\/api.w.org\/{rel}","templated":true}]}}