{"id":386,"date":"2025-09-16T00:04:09","date_gmt":"2025-09-16T00:04:09","guid":{"rendered":"https:\/\/polarys.disenian.com\/?page_id=386"},"modified":"2025-09-16T03:49:49","modified_gmt":"2025-09-16T03:49:49","slug":"proximia","status":"publish","type":"page","link":"https:\/\/polarys.disenian.com\/en\/proximia\/","title":{"rendered":"Proximia"},"content":{"rendered":"<section class=\"l-section wpb_row height_auto width_full\"><div class=\"l-section-h i-cf\"><div class=\"g-cols vc_row via_flex valign_top type_default stacking_default\"><div class=\"vc_col-sm-12 wpb_column vc_column_container\"><div class=\"vc_column-inner\"><div class=\"wpb_wrapper\"><section class=\"l-section wpb_row us_custom_2b9a2ce3 video-row us_animate_this height_huge with_video\"><div id=\"us_bg_video_gb26\" class=\"l-section-video\"><script id=\"us_bg_video_gb26-script\">!function(w){var node = document.getElementById( 'us_bg_video_gb26' );if ( w.innerWidth <= 100 ) { node.remove() }}(window);<\/script><style>@media(max-width:100px){#us_bg_video_gb26{display:none!important}}<\/style><video  autoplay loop muted playsinline preload=\"auto\"><source type=\"video\/mp4\" src=\"https:\/\/polarys.disenian.com\/wp-content\/uploads\/2025\/09\/bg-video.mp4\" \/><\/video><\/div><div class=\"l-section-overlay\" style=\"background:rgba(0,0,0,0.5)\"><\/div><div class=\"l-section-h i-cf\"><div class=\"g-cols vc_row via_flex valign_top type_default stacking_default\"><div class=\"vc_col-sm-12 wpb_column vc_column_container\"><div class=\"vc_column-inner\"><div class=\"wpb_wrapper\"><div class=\"g-cols wpb_row via_flex valign_top type_default stacking_default\"><div data-us-scroll=\"{&quot;from_initial_position&quot;:&quot;1&quot;,&quot;start_position&quot;:&quot;0%&quot;,&quot;end_position&quot;:&quot;100%&quot;,&quot;delay&quot;:&quot;0.1s&quot;,&quot;translate_y_direction&quot;:&quot;up&quot;,&quot;translate_y_speed&quot;:&quot;0.5x&quot;,&quot;opacity_direction&quot;:&quot;in-out&quot;}\" class=\"vc_col-sm-12 wpb_column vc_column_container has_scroll_effects has_translate_y has_opacity\"><div class=\"vc_column-inner\"><div class=\"wpb_wrapper\"><div class=\"w-separator hide_on_default hide_on_laptops size_custom\" style=\"height:15vh\"><\/div><div class=\"w-html\">  <style>\n    @import url(\"https:\/\/polarys.disenian.com\/assets\/css\/plugins.css\");\n    @import url(\"https:\/\/polarys.disenian.com\/assets\/css\/style.css\");\n  <\/style>\n\n    <script src=\"https:\/\/polarys.disenian.com\/assets\/js\/jquery-3.7.1.min.js\"><\/script>\n    <script src=\"https:\/\/polarys.disenian.com\/assets\/js\/plugins.min.js\"><\/script>\n    <script src=\"https:\/\/polarys.disenian.com\/assets\/js\/plugins\/dsn-grid.min.js\"><\/script>\n    <script src=\"https:\/\/polarys.disenian.com\/assets\/js\/custom.js\"><\/script><\/div><p class=\"w-post-elm post_title us_custom_5b164e0d has_text_color us_animate_this entry-title color_link_inherit\">Proximia<\/p><nav class=\"g-breadcrumbs us_custom_1fe0f906 has_text_color us_animate_this separator_icon align_none\" itemscope itemtype=\"http:\/\/schema.org\/BreadcrumbList\"><div class=\"g-breadcrumbs-item\" itemscope itemprop=\"itemListElement\" itemtype=\"http:\/\/schema.org\/ListItem\"><a itemprop=\"item\" href=\"https:\/\/polarys.disenian.com\/en\/\"><span itemprop=\"name\">Home<\/span><\/a><meta itemprop=\"position\" content=\"1\"\/><\/div><div class=\"g-breadcrumbs-separator\"><i class=\"far fa-angle-right\"><\/i><\/div><div class=\"g-breadcrumbs-item\">Pages<\/div><\/nav><div class=\"w-separator hide_on_default hide_on_laptops size_custom\" style=\"height:15vh\"><\/div><\/div><\/div><\/div><\/div><\/div><\/div><\/div><\/div><\/div><\/section>\n<\/div><\/div><\/div><\/div><\/div><\/section><section class=\"l-section wpb_row height_huge\"><div class=\"l-section-overlay\" style=\"background:var(--color-content-bg)\"><\/div><div class=\"l-section-h i-cf\"><div class=\"g-cols vc_row via_flex valign_top type_default stacking_default\"><div class=\"vc_col-sm-12 wpb_column vc_column_container\"><div class=\"vc_column-inner\"><div class=\"wpb_wrapper\"><div class=\"g-cols wpb_row via_flex valign_top type_default stacking_default\"><div class=\"vc_col-sm-6 wpb_column vc_column_container\"><div class=\"vc_column-inner us_custom_8e784a87 us_animate_this\"><div class=\"wpb_wrapper\"><div class=\"w-separator size_medium\"><\/div><div class=\"w-html\"><h2 class=\"title text-upper mt-10 dsn-fill\">AN OTT AT THE SERVICE OF CLIENTS<\/h2><\/div><div class=\"w-separator size_medium\"><\/div><div class=\"wpb_text_column\"><div class=\"wpb_wrapper\"><p>Proximia is an online television platform that allows our clients to monetize the content they create. This way, any sports association or federation can set a price for its content and use those funds to cover production costs or expenses related to the events it organizes.<\/p>\n<\/div><\/div><div class=\"w-separator size_medium\"><\/div><div class=\"w-html\">                            <div class=\"dsn-btn dsn-btn-shape d-flex\">\n\n                                <a class=\"button background-main v-dark effect-ajax\" href=\"https:\/\/proximiatv.com\/\" target=\"_blank\">\n                                    <span class=\"title-btn p-relative  z-index-1 heading-color\"\n                                        data-animate-text=\"CLIC AQU\u00cd\">\n                                        <span>GO TO PROXIMIA<\/span>\n                                    <\/span>\n                                <\/a>\n\n                                <span class=\"icon background-main v-dark\">\n                                    <svg xmlns=\"http:\/\/www.w3.org\/2000\/svg\" viewbox=\"0 0 384 512\">\n                                        <path\n                                            d=\"M328 96h24v288h-48V177.9L81 401l-17 17-33.9-34 17-17 223-223H64V96h264z\">\n                                        <\/path>\n                                    <\/svg>\n                                <\/span>\n\n                            <\/div><\/div><\/div><\/div><\/div><div class=\"vc_col-sm-6 wpb_column vc_column_container\"><div class=\"vc_column-inner us_custom_135e11d2 us_animate_this\"><div class=\"wpb_wrapper\"><div class=\"w-html\"><div class=\"about-has-image section-padding\">                \n\t\t\t\t<div class=\"box-img\">\n                                <div class=\"img-inner\"\n                                    data-dsn-animation='{\"from\":{\"x\":\"100\"},\"to\":{\"x\":\"0\"},\"responsive\":[\"tablet\",\"desktop\"]}'>\n                                    <img decoding=\"async\" class=\"cover-bg-img has-border-radius\" src=\"https:\/\/polarys.disenian.com\/wp-content\/uploads\/2025\/09\/proximia-1.webp\" alt=\"\">\n                                <\/div>\n\n                                <div class=\"img-inner\">\n                                    <img decoding=\"async\" class=\"cover-bg-img has-border-radius\" src=\"https:\/\/polarys.disenian.com\/wp-content\/uploads\/2025\/09\/proximia-2.webp\"\n                                        alt=\"\">\n                                <\/div>\n\n                                <div class=\"img-inner\"\n                                    data-dsn-animation='{\"from\":{\"y\":\"-70\"},\"to\":{\"y\":\"0\"},\"responsive\":[\"tablet\",\"desktop\"]}'>\n                                    <img decoding=\"async\" class=\"cover-bg-img has-border-radius\" src=\"https:\/\/polarys.disenian.com\/wp-content\/uploads\/2025\/09\/proximia-3.webp\" alt=\"\">\n                                <\/div>\n                            <\/div>\n\t\t\t\t\t\t\t<\/div><\/div><\/div><\/div><\/div><\/div><\/div><\/div><\/div><\/div><\/div><\/section><section class=\"l-section wpb_row us_custom_92c61303 height_huge\"><div class=\"l-section-overlay\" style=\"background:rgba(0,0,0,0.4)\"><\/div><div class=\"l-section-h i-cf\"><div class=\"g-cols vc_row via_flex valign_top type_default stacking_default\"><div class=\"vc_col-sm-12 wpb_column vc_column_container\"><div class=\"vc_column-inner\"><div class=\"wpb_wrapper\"><div class=\"w-html\"><section class=\"seat-section p-relative section-padding\">\n                    <div class=\"dsn-bg-section  p-absolute w-100 h-100 over-hidden top-0 left-0\">\n\n                        <div class=\"h-100 before-z-index w-100 img-box-parallax\" data-overlay=\"7\"\n                            data-dsn-grid=\"move-up\">\n                        <\/div>\n                    <\/div>\n\n                    <div class=\"container\">\n                        <div class=\"content has-border-radius\">\n                            <div class=\"p-relative d-flex justify-content-center v-dark-head\">\n\n                                <div class=\"text box-padding w-100 p-relative z-index-1\">\n                                    <div class=\"section-title d-flex justify-content-between align-items-end mb-30\">\n                                        <h2 class=\"title dsn-fill\">EVENTS <br>EXCLUSIVE\n                                        <\/h2>\n                                        <p class=\"max-w570 dsn-fill\">Proximia holds the exclusive rights to professional Valencian handball, Spanish professional boxing, and the ESAP-affiliated television channels, offering a unique window to enjoy this content in digital format.<\/p>\n                                    <\/div>\n\n                                    <div class=\"box-brands border-top border-bottom dsn-swiper\"\n                                        data-dsn-option='{\"spaceBetween\":60,\"centeredSlides\":false,\"direction\":\"horizontal\",\"autoHeight\":false,\"slideToClickedSlide\":false,\"grabCursor\":true,\"mousewheel\":false,\"loop\":false,\"parallax\":false,\"slidesPerView\":3,\"speed\":1000,\"effect\":\"slide\"}'>\n                                        <div class=\"d-grid custom-width align-items-center\">\n                                            <div class=\"box-title dsn-up\">\n                                                <h6>PROXIMIA COLLABORATES WITH <br>MAJOR ORGANIZATIONS<\/h6>\n                                            <\/div>\n\n                                            <div class=\"brand-inner border-left p-relative over-hidden dsn-up\">\n                                                <div class=\"swiper swiper-container\">\n                                                    <div class=\"swiper-wrapper\">\n                                                        <div class=\"swiper-slide brand-item\">\n                                                            <img decoding=\"async\" src=\"https:\/\/polarys.disenian.com\/wp-content\/uploads\/2025\/09\/federacio-pilota-logo.svg\" alt=\"\">\n                                                        <\/div>\n\n                                                        <div class=\"swiper-slide brand-item\">\n                                                            <img decoding=\"async\" src=\"https:\/\/polarys.disenian.com\/wp-content\/uploads\/2025\/09\/federacion-espanola-boxeo.svg\" alt=\"\">\n                                                        <\/div>\n\n                                                        <div class=\"swiper-slide brand-item\">\n                                                            <img decoding=\"async\" src=\"https:\/\/polarys.disenian.com\/wp-content\/uploads\/2025\/09\/televisio-castello.svg\" alt=\"\">\n                                                        <\/div>\n\n                                                    <\/div>\n                                                <\/div>\n                                            <\/div>\n                                        <\/div>\n                                    <\/div>\n                                <\/div>\n                            <\/div>\n                        <\/div>\n                    <\/div>\n                <\/section><\/div><\/div><\/div><\/div><\/div><\/div><\/section><section class=\"l-section wpb_row height_huge\"><div class=\"l-section-overlay\" style=\"background:var(--color-content-bg)\"><\/div><div class=\"l-section-h i-cf\"><div class=\"g-cols vc_row via_flex valign_top type_default stacking_default\"><div class=\"vc_col-sm-12 wpb_column vc_column_container\"><div class=\"vc_column-inner\"><div class=\"wpb_wrapper\"><div class=\"w-html\"><!-- ========== Testimonials ========== -->\n                <section class=\"dsn-testimonials v-light section-padding  dsn-swiper\"\n                    data-dsn-option='{\"spaceBetween\":30,\"centeredSlides\":false,\"direction\":\"horizontal\",\"autoHeight\":false,\"slideToClickedSlide\":false,\"grabCursor\":true,\"mousewheel\":false,\"loop\":false,\"parallax\":false,\"slidesPerGroup\":1,\"slidesPerView\":1,\"speed\":1000,\"effect\":\"slide\"}'>\n                    <div class=\"container\">\n                        <div class=\"d-grid grid-half-1\">\n                            <div class=\"box-title d-flex flex-column justify-content-center\">\n                                <div class=\"section-title d-flex flex-column mb-30\">\n                                    <h2 class=\"title dsn-fill\">USERS SAY<br>OPINAN<\/h2>\n                                <\/div>\n\n                            <\/div>\n\n                            <div class=\"testimonial-inner\">\n                                <div class=\"swiper swiper-container\">\n                                    <div class=\"swiper-wrapper\">\n                                        <div\n                                            class=\"swiper-slide testimonial-item background-section no-padding has-border-radius\">\n                                            <div\n                                                class=\"authoer mb-20 pb-20 border-bottom d-flex justify-content-between w-100\">\n\n                                                <div class=\"img\">\n                                                    <img decoding=\"async\" class=\"cover-bg-img\" src=\"https:\/\/polarys.disenian.com\/wp-content\/uploads\/2025\/09\/proximia.webp\" alt=\"\">\n                                                <\/div>\n\n                                                <div class=\"text-center\">\n                                                    <h5 class=\"sm-title-block text-upper\">Carlos Mart\u00ednez<\/h5>\n                                                <\/div>\n\n                                            <\/div>\n\n                                            <div class=\"text-box\">\n                                                <p>Thanks to Proximia, I was able to watch live the professional Valencian handball final that was played in my city. The broadcast quality was excellent, and the user experience was very smooth. It\u2019s amazing to enjoy local events from home!<\/p>\n\n                                            <\/div>\n\n                                        <\/div>\n\t\t\t\t\t\t\t\t\t\t\n                                    <\/div>\n                                <\/div>\n                            <\/div>\n                        <\/div>\n                    <\/div>\n                <\/section>\n                <!-- ========== End Testimonials ========== --><\/div><\/div><\/div><\/div><\/div><\/div><\/section>","protected":false},"excerpt":{"rendered":"ProximiaHomePages UNA OTT AL SERVICIO DE LOS CLIENTESProximia es una televisi\u00f3n online que permite a nuestros clientes cobrar por el contenido generado. De esta manera, cualquier asociaci\u00f3n o federaci\u00f3n deportiva puede poner precio al contenido y utilizar esos fondos para costear la producci\u00f3n o los gastos derivados de los eventos que realiza. IR A PROXIMIA...","protected":false},"author":1,"featured_media":80,"parent":0,"menu_order":0,"comment_status":"closed","ping_status":"closed","template":"","meta":{"_acf_changed":false,"footnotes":""},"class_list":["post-386","page","type-page","status-publish","has-post-thumbnail","hentry"],"acf":[],"yoast_head":"<!-- This site is optimized with the Yoast SEO plugin v26.2 - https:\/\/yoast.com\/wordpress\/plugins\/seo\/ -->\n<title>Polarys | Proximia<\/title>\n<meta name=\"robots\" content=\"noindex, follow, max-snippet:-1, max-image-preview:large, max-video-preview:-1\" \/>\n<meta property=\"og:locale\" content=\"en_US\" \/>\n<meta property=\"og:type\" content=\"article\" \/>\n<meta property=\"og:title\" content=\"Polarys | Proximia\" \/>\n<meta property=\"og:url\" content=\"https:\/\/polarys.disenian.com\/en\/proximia\/\" \/>\n<meta property=\"og:site_name\" content=\"Polarys\" \/>\n<meta property=\"article:publisher\" content=\"https:\/\/www.facebook.com\/ProyectoPolarysComunicacion\/\" \/>\n<meta property=\"article:modified_time\" content=\"2025-09-16T03:49:49+00:00\" \/>\n<meta property=\"og:image\" content=\"https:\/\/polarys.disenian.com\/wp-content\/uploads\/2025\/08\/Polarys.jpg\" \/>\n\t<meta property=\"og:image:width\" content=\"1024\" \/>\n\t<meta property=\"og:image:height\" content=\"1024\" \/>\n\t<meta property=\"og:image:type\" content=\"image\/jpeg\" \/>\n<meta name=\"twitter:card\" content=\"summary_large_image\" \/>\n<meta name=\"twitter:label1\" content=\"Est. reading time\" \/>\n\t<meta name=\"twitter:data1\" content=\"5 minutes\" \/>\n<script type=\"application\/ld+json\" class=\"yoast-schema-graph\">{\"@context\":\"https:\/\/schema.org\",\"@graph\":[{\"@type\":\"WebPage\",\"@id\":\"https:\/\/polarys.disenian.com\/proximia\/\",\"url\":\"https:\/\/polarys.disenian.com\/proximia\/\",\"name\":\"Polarys | Proximia\",\"isPartOf\":{\"@id\":\"https:\/\/polarys.disenian.com\/it\/#website\"},\"primaryImageOfPage\":{\"@id\":\"https:\/\/polarys.disenian.com\/proximia\/#primaryimage\"},\"image\":{\"@id\":\"https:\/\/polarys.disenian.com\/proximia\/#primaryimage\"},\"thumbnailUrl\":\"https:\/\/polarys.disenian.com\/wp-content\/uploads\/2025\/08\/Polarys.jpg\",\"datePublished\":\"2025-09-16T00:04:09+00:00\",\"dateModified\":\"2025-09-16T03:49:49+00:00\",\"breadcrumb\":{\"@id\":\"https:\/\/polarys.disenian.com\/proximia\/#breadcrumb\"},\"inLanguage\":\"en-US\",\"potentialAction\":[{\"@type\":\"ReadAction\",\"target\":[\"https:\/\/polarys.disenian.com\/proximia\/\"]}]},{\"@type\":\"ImageObject\",\"inLanguage\":\"en-US\",\"@id\":\"https:\/\/polarys.disenian.com\/proximia\/#primaryimage\",\"url\":\"https:\/\/polarys.disenian.com\/wp-content\/uploads\/2025\/08\/Polarys.jpg\",\"contentUrl\":\"https:\/\/polarys.disenian.com\/wp-content\/uploads\/2025\/08\/Polarys.jpg\",\"width\":1024,\"height\":1024},{\"@type\":\"BreadcrumbList\",\"@id\":\"https:\/\/polarys.disenian.com\/proximia\/#breadcrumb\",\"itemListElement\":[{\"@type\":\"ListItem\",\"position\":1,\"name\":\"Portada\",\"item\":\"https:\/\/polarys.disenian.com\/\"},{\"@type\":\"ListItem\",\"position\":2,\"name\":\"Proximia\"}]},{\"@type\":\"WebSite\",\"@id\":\"https:\/\/polarys.disenian.com\/it\/#website\",\"url\":\"https:\/\/polarys.disenian.com\/it\/\",\"name\":\"Polarys\",\"description\":\"\",\"publisher\":{\"@id\":\"https:\/\/polarys.disenian.com\/it\/#organization\"},\"potentialAction\":[{\"@type\":\"SearchAction\",\"target\":{\"@type\":\"EntryPoint\",\"urlTemplate\":\"https:\/\/polarys.disenian.com\/it\/?s={search_term_string}\"},\"query-input\":{\"@type\":\"PropertyValueSpecification\",\"valueRequired\":true,\"valueName\":\"search_term_string\"}}],\"inLanguage\":\"en-US\"},{\"@type\":\"Organization\",\"@id\":\"https:\/\/polarys.disenian.com\/it\/#organization\",\"name\":\"Polarys\",\"url\":\"https:\/\/polarys.disenian.com\/it\/\",\"logo\":{\"@type\":\"ImageObject\",\"inLanguage\":\"en-US\",\"@id\":\"https:\/\/polarys.disenian.com\/it\/#\/schema\/logo\/image\/\",\"url\":\"https:\/\/polarys.disenian.com\/wp-content\/uploads\/2025\/08\/Polarys.jpg\",\"contentUrl\":\"https:\/\/polarys.disenian.com\/wp-content\/uploads\/2025\/08\/Polarys.jpg\",\"width\":1024,\"height\":1024,\"caption\":\"Polarys\"},\"image\":{\"@id\":\"https:\/\/polarys.disenian.com\/it\/#\/schema\/logo\/image\/\"},\"sameAs\":[\"https:\/\/www.facebook.com\/ProyectoPolarysComunicacion\/\",\"https:\/\/www.instagram.com\/proyecto_polarys\/?hl=es\"]}]}<\/script>\n<!-- \/ Yoast SEO plugin. -->","yoast_head_json":{"title":"Polarys | Proximia","robots":{"index":"noindex","follow":"follow","max-snippet":"max-snippet:-1","max-image-preview":"max-image-preview:large","max-video-preview":"max-video-preview:-1"},"og_locale":"en_US","og_type":"article","og_title":"Polarys | Proximia","og_url":"https:\/\/polarys.disenian.com\/en\/proximia\/","og_site_name":"Polarys","article_publisher":"https:\/\/www.facebook.com\/ProyectoPolarysComunicacion\/","article_modified_time":"2025-09-16T03:49:49+00:00","og_image":[{"width":1024,"height":1024,"url":"https:\/\/polarys.disenian.com\/wp-content\/uploads\/2025\/08\/Polarys.jpg","type":"image\/jpeg"}],"twitter_card":"summary_large_image","twitter_misc":{"Est. reading time":"5 minutes"},"schema":{"@context":"https:\/\/schema.org","@graph":[{"@type":"WebPage","@id":"https:\/\/polarys.disenian.com\/proximia\/","url":"https:\/\/polarys.disenian.com\/proximia\/","name":"Polarys | Proximia","isPartOf":{"@id":"https:\/\/polarys.disenian.com\/it\/#website"},"primaryImageOfPage":{"@id":"https:\/\/polarys.disenian.com\/proximia\/#primaryimage"},"image":{"@id":"https:\/\/polarys.disenian.com\/proximia\/#primaryimage"},"thumbnailUrl":"https:\/\/polarys.disenian.com\/wp-content\/uploads\/2025\/08\/Polarys.jpg","datePublished":"2025-09-16T00:04:09+00:00","dateModified":"2025-09-16T03:49:49+00:00","breadcrumb":{"@id":"https:\/\/polarys.disenian.com\/proximia\/#breadcrumb"},"inLanguage":"en-US","potentialAction":[{"@type":"ReadAction","target":["https:\/\/polarys.disenian.com\/proximia\/"]}]},{"@type":"ImageObject","inLanguage":"en-US","@id":"https:\/\/polarys.disenian.com\/proximia\/#primaryimage","url":"https:\/\/polarys.disenian.com\/wp-content\/uploads\/2025\/08\/Polarys.jpg","contentUrl":"https:\/\/polarys.disenian.com\/wp-content\/uploads\/2025\/08\/Polarys.jpg","width":1024,"height":1024},{"@type":"BreadcrumbList","@id":"https:\/\/polarys.disenian.com\/proximia\/#breadcrumb","itemListElement":[{"@type":"ListItem","position":1,"name":"Portada","item":"https:\/\/polarys.disenian.com\/"},{"@type":"ListItem","position":2,"name":"Proximia"}]},{"@type":"WebSite","@id":"https:\/\/polarys.disenian.com\/it\/#website","url":"https:\/\/polarys.disenian.com\/it\/","name":"Polarys","description":"","publisher":{"@id":"https:\/\/polarys.disenian.com\/it\/#organization"},"potentialAction":[{"@type":"SearchAction","target":{"@type":"EntryPoint","urlTemplate":"https:\/\/polarys.disenian.com\/it\/?s={search_term_string}"},"query-input":{"@type":"PropertyValueSpecification","valueRequired":true,"valueName":"search_term_string"}}],"inLanguage":"en-US"},{"@type":"Organization","@id":"https:\/\/polarys.disenian.com\/it\/#organization","name":"Polarys","url":"https:\/\/polarys.disenian.com\/it\/","logo":{"@type":"ImageObject","inLanguage":"en-US","@id":"https:\/\/polarys.disenian.com\/it\/#\/schema\/logo\/image\/","url":"https:\/\/polarys.disenian.com\/wp-content\/uploads\/2025\/08\/Polarys.jpg","contentUrl":"https:\/\/polarys.disenian.com\/wp-content\/uploads\/2025\/08\/Polarys.jpg","width":1024,"height":1024,"caption":"Polarys"},"image":{"@id":"https:\/\/polarys.disenian.com\/it\/#\/schema\/logo\/image\/"},"sameAs":["https:\/\/www.facebook.com\/ProyectoPolarysComunicacion\/","https:\/\/www.instagram.com\/proyecto_polarys\/?hl=es"]}]}},"_links":{"self":[{"href":"https:\/\/polarys.disenian.com\/en\/wp-json\/wp\/v2\/pages\/386","targetHints":{"allow":["GET"]}}],"collection":[{"href":"https:\/\/polarys.disenian.com\/en\/wp-json\/wp\/v2\/pages"}],"about":[{"href":"https:\/\/polarys.disenian.com\/en\/wp-json\/wp\/v2\/types\/page"}],"author":[{"embeddable":true,"href":"https:\/\/polarys.disenian.com\/en\/wp-json\/wp\/v2\/users\/1"}],"replies":[{"embeddable":true,"href":"https:\/\/polarys.disenian.com\/en\/wp-json\/wp\/v2\/comments?post=386"}],"version-history":[{"count":1,"href":"https:\/\/polarys.disenian.com\/en\/wp-json\/wp\/v2\/pages\/386\/revisions"}],"predecessor-version":[{"id":849,"href":"https:\/\/polarys.disenian.com\/en\/wp-json\/wp\/v2\/pages\/386\/revisions\/849"}],"wp:featuredmedia":[{"embeddable":true,"href":"https:\/\/polarys.disenian.com\/en\/wp-json\/wp\/v2\/media\/80"}],"wp:attachment":[{"href":"https:\/\/polarys.disenian.com\/en\/wp-json\/wp\/v2\/media?parent=386"}],"curies":[{"name":"wp","href":"https:\/\/api.w.org\/{rel}","templated":true}]}}